{"id":29942,"date":"2021-10-12T15:51:09","date_gmt":"2021-10-12T12:51:09","guid":{"rendered":"https:\/\/emrekiymik.com\/about-us\/"},"modified":"2025-11-15T14:01:47","modified_gmt":"2025-11-15T11:01:47","slug":"about-us","status":"publish","type":"page","link":"https:\/\/emrekiymik.com\/en\/about-us\/","title":{"rendered":"About Us"},"content":{"rendered":"\t\t<div data-elementor-type=\"wp-page\" data-elementor-id=\"29942\" class=\"elementor elementor-29942 elementor-4400\" data-elementor-post-type=\"page\">\n\t\t\t\t<div class=\"elementor-element elementor-element-9db2a13 e-con-full e-flex e-con e-parent\" data-id=\"9db2a13\" data-element_type=\"container\">\n\t\t<div class=\"elementor-element elementor-element-659484b e-con-full e-flex e-con e-child\" data-id=\"659484b\" data-element_type=\"container\">\n\t\t\t\t<div class=\"elementor-element elementor-element-61252b9 elementor-widget elementor-widget-image\" data-id=\"61252b9\" data-element_type=\"widget\" data-widget_type=\"image.default\">\n\t\t\t\t\t\t\t\t\t\t\t\t\t\t\t<img fetchpriority=\"high\" decoding=\"async\" width=\"580\" height=\"580\" src=\"https:\/\/emrekiymik.com\/wp-content\/uploads\/2025\/10\/dr-emre-kiymik-kimdir.jpg\" class=\"attachment-large size-large wp-image-29938\" alt=\"dr emre k\u0131ym\u0131k kimdir\" srcset=\"https:\/\/emrekiymik.com\/wp-content\/uploads\/2025\/10\/dr-emre-kiymik-kimdir.jpg 580w, https:\/\/emrekiymik.com\/wp-content\/uploads\/2025\/10\/dr-emre-kiymik-kimdir-300x300.jpg 300w, https:\/\/emrekiymik.com\/wp-content\/uploads\/2025\/10\/dr-emre-kiymik-kimdir-150x150.jpg 150w, https:\/\/emrekiymik.com\/wp-content\/uploads\/2025\/10\/dr-emre-kiymik-kimdir-430x430.jpg 430w\" sizes=\"(max-width: 580px) 100vw, 580px\" \/>\t\t\t\t\t\t\t\t\t\t\t\t\t\t\t<\/div>\n\t\t\t\t<\/div>\n\t\t<div class=\"elementor-element elementor-element-c41e9a7 e-con-full e-flex e-con e-child\" data-id=\"c41e9a7\" data-element_type=\"container\">\n\t\t\t\t<div class=\"elementor-element elementor-element-9341d44 wd-width-100 elementor-widget elementor-widget-wd_title\" data-id=\"9341d44\" data-element_type=\"widget\" data-widget_type=\"wd_title.default\">\n\t\t\t\t<div class=\"elementor-widget-container\">\n\t\t\t\t\t\t\t<div class=\"title-wrapper wd-set-mb reset-last-child wd-title-color-default wd-title-style-default wd-title-size-default text-left\">\n\n\t\t\t\t\t\t\t\t\t\t\t<div class=\"title-subtitle subtitle-color-default subtitle-style-default wd-fontsize-xs\">\n\t\t\t\t\tAbout Me\t\t\t\t<\/div>\n\t\t\t\n\t\t\t<div class=\"liner-continer\">\n\t\t\t\t<h1 class=\"woodmart-title-container title wd-fontsize-l\">Who is Dr. Emre K\u0131ym\u0131k? <\/h1> \n\t\t\t\t\t\t\t<\/div>\n\n\t\t\t\t\t<\/div>\n\t\t\t\t\t\t<\/div>\n\t\t\t\t<\/div>\n\t\t\t\t<div class=\"elementor-element elementor-element-e3155bb color-scheme-inherit text-left elementor-widget elementor-widget-text-editor\" data-id=\"e3155bb\" data-element_type=\"widget\" data-widget_type=\"text-editor.default\">\n\t\t\t\t\t\t\t\t\t<ul><li>I was born in K\u00fctahya in 1991. I graduated from Ondokuz May\u0131s Faculty of Medicine in 2016. <\/li><li>I completed my mandatory service as a general practitioner at Van \u00d6zalp State Hospital in 2016-2017.<\/li><li>In 2017, I began my specialty training in the Department of Plastic, Reconstructive, and Aesthetic Surgery at Ondokuz May\u0131s University.<\/li><li>I completed my education here in 2022. I then completed my mandatory service as a plastic surgery specialist at Samsun Training and Research Hospital between 2022 and 2024. <\/li><li>I have been continuing my professional career at the clinic I opened in April 2024.<\/li><\/ul>\t\t\t\t\t\t\t\t<\/div>\n\t\t\t\t<\/div>\n\t\t\t\t<\/div>\n\t\t<div class=\"elementor-element elementor-element-a379ac0 e-flex e-con-boxed e-con e-parent\" data-id=\"a379ac0\" data-element_type=\"container\">\n\t\t\t\t\t<div class=\"e-con-inner\">\n\t\t\t\t<div class=\"elementor-element elementor-element-708765e elementor-widget elementor-widget-gallery\" data-id=\"708765e\" data-element_type=\"widget\" data-settings=\"{&quot;columns&quot;:3,&quot;gap&quot;:{&quot;unit&quot;:&quot;px&quot;,&quot;size&quot;:33,&quot;sizes&quot;:[]},&quot;aspect_ratio&quot;:&quot;1:1&quot;,&quot;gallery_layout&quot;:&quot;grid&quot;,&quot;columns_tablet&quot;:2,&quot;columns_mobile&quot;:1,&quot;gap_tablet&quot;:{&quot;unit&quot;:&quot;px&quot;,&quot;size&quot;:10,&quot;sizes&quot;:[]},&quot;gap_mobile&quot;:{&quot;unit&quot;:&quot;px&quot;,&quot;size&quot;:10,&quot;sizes&quot;:[]},&quot;overlay_background&quot;:&quot;yes&quot;,&quot;content_hover_animation&quot;:&quot;fade-in&quot;}\" data-widget_type=\"gallery.default\">\n\t\t\t\t\t\t\t<div class=\"elementor-gallery__container\">\n\t\t\t\t\t\t\t<div class=\"e-gallery-item elementor-gallery-item elementor-animated-content\">\n\t\t\t\t\t<div class=\"e-gallery-image elementor-gallery-item__image\" data-thumbnail=\"https:\/\/emrekiymik.com\/wp-content\/uploads\/2025\/10\/dr-emre-kiymik-kimdir-1-300x300.jpg\" data-width=\"300\" data-height=\"300\" aria-label=\"op dr emre k\u0131ym\u0131k kimdir\" role=\"img\" ><\/div>\n\t\t\t\t\t\t\t\t\t\t\t<div class=\"elementor-gallery-item__overlay\"><\/div>\n\t\t\t\t\t\t\t\t\t\t\t\t\t\t<\/div>\n\t\t\t\t\t\t\t<div class=\"e-gallery-item elementor-gallery-item elementor-animated-content\">\n\t\t\t\t\t<div class=\"e-gallery-image elementor-gallery-item__image\" data-thumbnail=\"https:\/\/emrekiymik.com\/wp-content\/uploads\/2025\/10\/emre-kiymik-estetik-300x300.jpg\" data-width=\"300\" data-height=\"300\" aria-label=\"emre k\u0131ym\u0131k estetik\" role=\"img\" ><\/div>\n\t\t\t\t\t\t\t\t\t\t\t<div class=\"elementor-gallery-item__overlay\"><\/div>\n\t\t\t\t\t\t\t\t\t\t\t\t\t\t<\/div>\n\t\t\t\t\t\t\t<div class=\"e-gallery-item elementor-gallery-item elementor-animated-content\">\n\t\t\t\t\t<div class=\"e-gallery-image elementor-gallery-item__image\" data-thumbnail=\"https:\/\/emrekiymik.com\/wp-content\/uploads\/2025\/10\/emre-kiymik-kimdir-300x300.jpg\" data-width=\"300\" data-height=\"300\" aria-label=\"emre k\u0131ym\u0131k samsun\" role=\"img\" ><\/div>\n\t\t\t\t\t\t\t\t\t\t\t<div class=\"elementor-gallery-item__overlay\"><\/div>\n\t\t\t\t\t\t\t\t\t\t\t\t\t\t<\/div>\n\t\t\t\t\t<\/div>\n\t\t\t\t\t<\/div>\n\t\t\t\t\t<\/div>\n\t\t\t\t<\/div>\n\t\t\t\t<\/div>\n\t\t","protected":false},"excerpt":{"rendered":"<p>About Me Who is Dr. Emre K\u0131ym\u0131k? I was born in K\u00fctahya in 1991. I graduated from Ondokuz May\u0131s Faculty<\/p>\n","protected":false},"author":1,"featured_media":0,"parent":0,"menu_order":0,"comment_status":"closed","ping_status":"closed","template":"","meta":{"footnotes":""},"class_list":["post-29942","page","type-page","status-publish","hentry"],"_links":{"self":[{"href":"https:\/\/emrekiymik.com\/en\/wp-json\/wp\/v2\/pages\/29942","targetHints":{"allow":["GET"]}}],"collection":[{"href":"https:\/\/emrekiymik.com\/en\/wp-json\/wp\/v2\/pages"}],"about":[{"href":"https:\/\/emrekiymik.com\/en\/wp-json\/wp\/v2\/types\/page"}],"author":[{"embeddable":true,"href":"https:\/\/emrekiymik.com\/en\/wp-json\/wp\/v2\/users\/1"}],"replies":[{"embeddable":true,"href":"https:\/\/emrekiymik.com\/en\/wp-json\/wp\/v2\/comments?post=29942"}],"version-history":[{"count":0,"href":"https:\/\/emrekiymik.com\/en\/wp-json\/wp\/v2\/pages\/29942\/revisions"}],"wp:attachment":[{"href":"https:\/\/emrekiymik.com\/en\/wp-json\/wp\/v2\/media?parent=29942"}],"curies":[{"name":"wp","href":"https:\/\/api.w.org\/{rel}","templated":true}]}}