{"id":30176,"date":"2021-10-12T15:51:09","date_gmt":"2021-10-12T12:51:09","guid":{"rendered":"https:\/\/emrekiymik.com\/hakkimizda\/"},"modified":"2025-11-15T14:37:51","modified_gmt":"2025-11-15T11:37:51","slug":"hakkimizda","status":"publish","type":"page","link":"https:\/\/emrekiymik.com\/de\/hakkimizda\/","title":{"rendered":"\u00dcber uns"},"content":{"rendered":"\t\t<div data-elementor-type=\"wp-page\" data-elementor-id=\"30176\" class=\"elementor elementor-30176 elementor-4400\" data-elementor-post-type=\"page\">\n\t\t\t\t<div class=\"elementor-element elementor-element-9db2a13 e-con-full e-flex e-con e-parent\" data-id=\"9db2a13\" data-element_type=\"container\">\n\t\t<div class=\"elementor-element elementor-element-659484b e-con-full e-flex e-con e-child\" data-id=\"659484b\" data-element_type=\"container\">\n\t\t\t\t<div class=\"elementor-element elementor-element-61252b9 elementor-widget elementor-widget-image\" data-id=\"61252b9\" data-element_type=\"widget\" data-widget_type=\"image.default\">\n\t\t\t\t\t\t\t\t\t\t\t\t\t\t\t<img fetchpriority=\"high\" decoding=\"async\" width=\"580\" height=\"580\" src=\"https:\/\/emrekiymik.com\/wp-content\/uploads\/2025\/10\/dr-emre-kiymik-kimdir.jpg\" class=\"attachment-large size-large wp-image-30177\" alt=\"dr emre k\u0131ym\u0131k kimdir\" srcset=\"https:\/\/emrekiymik.com\/wp-content\/uploads\/2025\/10\/dr-emre-kiymik-kimdir.jpg 580w, https:\/\/emrekiymik.com\/wp-content\/uploads\/2025\/10\/dr-emre-kiymik-kimdir-300x300.jpg 300w, https:\/\/emrekiymik.com\/wp-content\/uploads\/2025\/10\/dr-emre-kiymik-kimdir-150x150.jpg 150w, https:\/\/emrekiymik.com\/wp-content\/uploads\/2025\/10\/dr-emre-kiymik-kimdir-430x430.jpg 430w\" sizes=\"(max-width: 580px) 100vw, 580px\" \/>\t\t\t\t\t\t\t\t\t\t\t\t\t\t\t<\/div>\n\t\t\t\t<\/div>\n\t\t<div class=\"elementor-element elementor-element-c41e9a7 e-con-full e-flex e-con e-child\" data-id=\"c41e9a7\" data-element_type=\"container\">\n\t\t\t\t<div class=\"elementor-element elementor-element-9341d44 wd-width-100 elementor-widget elementor-widget-wd_title\" data-id=\"9341d44\" data-element_type=\"widget\" data-widget_type=\"wd_title.default\">\n\t\t\t\t<div class=\"elementor-widget-container\">\n\t\t\t\t\t\t\t<div class=\"title-wrapper wd-set-mb reset-last-child wd-title-color-default wd-title-style-default wd-title-size-default text-left\">\n\n\t\t\t\t\t\t\t\t\t\t\t<div class=\"title-subtitle subtitle-color-default subtitle-style-default wd-fontsize-xs\">\n\t\t\t\t\t\u00dcber mich\t\t\t\t<\/div>\n\t\t\t\n\t\t\t<div class=\"liner-continer\">\n\t\t\t\t<h1 class=\"woodmart-title-container title wd-fontsize-l\">Wer ist Op. Dr. Emre K\u0131ym\u0131k?<\/h1> \n\t\t\t\t\t\t\t<\/div>\n\n\t\t\t\t\t<\/div>\n\t\t\t\t\t\t<\/div>\n\t\t\t\t<\/div>\n\t\t\t\t<div class=\"elementor-element elementor-element-e3155bb color-scheme-inherit text-left elementor-widget elementor-widget-text-editor\" data-id=\"e3155bb\" data-element_type=\"widget\" data-widget_type=\"text-editor.default\">\n\t\t\t\t\t\t\t\t\t<ul><li><p>Ich wurde 1991 in K\u00fctahya geboren und schloss 2016 mein Medizinstudium an der Medizinischen Fakult\u00e4t der Ondokuz-May\u0131\u0301s-Universit\u00e4t ab.<\/p><\/li><li><p>In den Jahren 2016\u20132017 leistete ich meinen Pflichtdienst als Allgemeinmediziner am Staatlichen Krankenhaus Van \u00d6zalp.<\/p><\/li><li><p>2017 begann ich meine Facharztausbildung an der Abteilung f\u00fcr Plastische, Rekonstruktive und \u00c4sthetische Chirurgie der Ondokuz-May\u0131\u0301s-Universit\u00e4t.<\/p><\/li><li><p>2022 schloss ich meine Ausbildung dort ab. Anschlie\u00dfend absolvierte ich meinen Pflichtdienst als Facharzt f\u00fcr Plastische Chirurgie von 2022 bis 2024 am Bildungs- und Forschungskrankenhaus Samsun.<\/p><\/li><li><p>Seit April 2024 setze ich meine berufliche T\u00e4tigkeit in meiner eigenen Praxis fort.<\/p><\/li><\/ul>\t\t\t\t\t\t\t\t<\/div>\n\t\t\t\t<\/div>\n\t\t\t\t<\/div>\n\t\t<div class=\"elementor-element elementor-element-a379ac0 e-flex e-con-boxed e-con e-parent\" data-id=\"a379ac0\" data-element_type=\"container\">\n\t\t\t\t\t<div class=\"e-con-inner\">\n\t\t\t\t<div class=\"elementor-element elementor-element-708765e elementor-widget elementor-widget-gallery\" data-id=\"708765e\" data-element_type=\"widget\" data-settings=\"{&quot;columns&quot;:3,&quot;gap&quot;:{&quot;unit&quot;:&quot;px&quot;,&quot;size&quot;:33,&quot;sizes&quot;:[]},&quot;aspect_ratio&quot;:&quot;1:1&quot;,&quot;gallery_layout&quot;:&quot;grid&quot;,&quot;columns_tablet&quot;:2,&quot;columns_mobile&quot;:1,&quot;gap_tablet&quot;:{&quot;unit&quot;:&quot;px&quot;,&quot;size&quot;:10,&quot;sizes&quot;:[]},&quot;gap_mobile&quot;:{&quot;unit&quot;:&quot;px&quot;,&quot;size&quot;:10,&quot;sizes&quot;:[]},&quot;overlay_background&quot;:&quot;yes&quot;,&quot;content_hover_animation&quot;:&quot;fade-in&quot;}\" data-widget_type=\"gallery.default\">\n\t\t\t\t\t\t\t<div class=\"elementor-gallery__container\">\n\t\t\t\t\t\t\t<div class=\"e-gallery-item elementor-gallery-item elementor-animated-content\">\n\t\t\t\t\t<div class=\"e-gallery-image elementor-gallery-item__image\" data-thumbnail=\"https:\/\/emrekiymik.com\/wp-content\/uploads\/2025\/10\/dr-emre-kiymik-kimdir-1-300x300.jpg\" data-width=\"300\" data-height=\"300\" aria-label=\"op dr emre k\u0131ym\u0131k kimdir\" role=\"img\" ><\/div>\n\t\t\t\t\t\t\t\t\t\t\t<div class=\"elementor-gallery-item__overlay\"><\/div>\n\t\t\t\t\t\t\t\t\t\t\t\t\t\t<\/div>\n\t\t\t\t\t\t\t<div class=\"e-gallery-item elementor-gallery-item elementor-animated-content\">\n\t\t\t\t\t<div class=\"e-gallery-image elementor-gallery-item__image\" data-thumbnail=\"https:\/\/emrekiymik.com\/wp-content\/uploads\/2025\/10\/emre-kiymik-estetik-300x300.jpg\" data-width=\"300\" data-height=\"300\" aria-label=\"emre k\u0131ym\u0131k estetik\" role=\"img\" ><\/div>\n\t\t\t\t\t\t\t\t\t\t\t<div class=\"elementor-gallery-item__overlay\"><\/div>\n\t\t\t\t\t\t\t\t\t\t\t\t\t\t<\/div>\n\t\t\t\t\t\t\t<div class=\"e-gallery-item elementor-gallery-item elementor-animated-content\">\n\t\t\t\t\t<div class=\"e-gallery-image elementor-gallery-item__image\" data-thumbnail=\"https:\/\/emrekiymik.com\/wp-content\/uploads\/2025\/10\/emre-kiymik-kimdir-300x300.jpg\" data-width=\"300\" data-height=\"300\" aria-label=\"emre k\u0131ym\u0131k samsun\" role=\"img\" ><\/div>\n\t\t\t\t\t\t\t\t\t\t\t<div class=\"elementor-gallery-item__overlay\"><\/div>\n\t\t\t\t\t\t\t\t\t\t\t\t\t\t<\/div>\n\t\t\t\t\t<\/div>\n\t\t\t\t\t<\/div>\n\t\t\t\t\t<\/div>\n\t\t\t\t<\/div>\n\t\t\t\t<\/div>\n\t\t","protected":false},"excerpt":{"rendered":"<p>\u00dcber mich Wer ist Op. Dr. Emre K\u0131ym\u0131k? Ich wurde 1991 in K\u00fctahya geboren und schloss 2016 mein Medizinstudium an<\/p>\n","protected":false},"author":1,"featured_media":0,"parent":0,"menu_order":0,"comment_status":"closed","ping_status":"closed","template":"","meta":{"footnotes":""},"class_list":["post-30176","page","type-page","status-publish","hentry"],"_links":{"self":[{"href":"https:\/\/emrekiymik.com\/de\/wp-json\/wp\/v2\/pages\/30176","targetHints":{"allow":["GET"]}}],"collection":[{"href":"https:\/\/emrekiymik.com\/de\/wp-json\/wp\/v2\/pages"}],"about":[{"href":"https:\/\/emrekiymik.com\/de\/wp-json\/wp\/v2\/types\/page"}],"author":[{"embeddable":true,"href":"https:\/\/emrekiymik.com\/de\/wp-json\/wp\/v2\/users\/1"}],"replies":[{"embeddable":true,"href":"https:\/\/emrekiymik.com\/de\/wp-json\/wp\/v2\/comments?post=30176"}],"version-history":[{"count":0,"href":"https:\/\/emrekiymik.com\/de\/wp-json\/wp\/v2\/pages\/30176\/revisions"}],"wp:attachment":[{"href":"https:\/\/emrekiymik.com\/de\/wp-json\/wp\/v2\/media?parent=30176"}],"curies":[{"name":"wp","href":"https:\/\/api.w.org\/{rel}","templated":true}]}}